{"id":12,"date":"2016-02-01T07:29:29","date_gmt":"2016-02-01T07:29:29","guid":{"rendered":"http:\/\/villaflisvos.codibee.solutions\/about-island\/"},"modified":"2025-04-28T12:16:41","modified_gmt":"2025-04-28T09:16:41","slug":"about-island","status":"publish","type":"page","link":"https:\/\/www.villaflisvos.gr\/it\/about-island\/","title":{"rendered":"Su Lefkada"},"content":{"rendered":"<p><\/p>\n<h2>Cosa Vedere<strong><br \/>\n<\/strong><\/h2>\n<p style=\"font-weight: 400;\">Le spiagge di incomparabile bellezza, premiate ogni anno, tra cui:<\/p>\n<p style=\"font-weight: 400;\">&#8211; Kathisma, Porto Katsiki, Egremni, Agios Nikitas, Agiofili e molte altre.<\/p>\n<p style=\"font-weight: 400;\">&#8211; I tradizionali villaggi di Karya e Eglouvi meritano una visita.<\/p>\n<p style=\"font-weight: 400;\">&#8211; Ammira il tramonto pi\u00f9 bello a Exanthia e gusta il pesce pi\u00f9 fresco a Lygia.<\/p>\n<p style=\"font-weight: 400;\">&#8211; Visita Agios Ioannis, ideale per il kite surf e per scoprire la piccola chiesa di San Giovanni di Antzousis, costruita nel 65 d.C.<\/p>\n<p style=\"font-weight: 400;\">&#8211; Il cosmopolita Nydri ti aspetta per un&#8217;escursione alle isole &#8220;Principe&#8221; (Prigkiponnisia) e per una passeggiata nella natura mozzafiato fino alle cascate di Nydri, dove potrai anche tuffarti nelle sue acque freschissime.<\/p>\n<p style=\"font-weight: 400;\">&#8211; All\u2019ingresso dell\u2019isola, il castello di Agia Mavra ti condurr\u00e0 in un viaggio nella storia, essendo uno dei pi\u00f9 imponenti edifici medievali della Grecia.<\/p>\n<p style=\"font-weight: 400;\">&#8211; Il centro citt\u00e0 e la citt\u00e0 vecchia attorno al mercato centrale ti affascineranno con il loro fascino autentico, cos\u00ec come le numerose chiese, tra cui spicca il monastero di Panagia Faneromeni, la \u201cSignora\u201d e protettrice dell\u2019isola.<\/p>\n<h2>Cosa potete trovare in prossimita&#8217; di Flisvos Seaside Apartments<\/h2>\n<p style=\"font-weight: 400;\">Tutto a portata di mano, senza bisogno di auto:<\/p>\n<p style=\"font-weight: 400;\">&#8211; A soli 150 metri si trova la tradizionale taverna di pesce &#8220;Eptanisa&#8221;, e poco pi\u00f9 avanti la pluripremiata taverna &#8220;Kaniouria&#8221;.<\/p>\n<p style=\"font-weight: 400;\">&#8211; Proseguendo verso il pittoresco porto di Lygia troverai altre ottime taverne come &#8220;Giannis&#8221;, &#8220;Xouras&#8221;, &#8220;Makis&#8221; e il &#8220;Cisore Restaurant&#8221;.<\/p>\n<p style=\"font-weight: 400;\">&#8211; Nel centro del villaggio spiccano il &#8220;Koutouki&#8221;, l\u2019&#8221;Avantgarden&#8221; e il &#8220;Nirikos Restaurant&#8221;.<\/p>\n<p style=\"font-weight: 400;\">&#8211; Per colazione, cr\u00eapes e gelato c\u2019\u00e8 &#8220;Avocado&#8221;, mentre per un ottimo souvlaki, &#8220;Anammena Karvouna&#8221;.<\/p>\n<p style=\"font-weight: 400;\">&#8211; Nei dintorni si trovano: un panificio tradizionale, 3 mini market, una farmacia, noleggio barche senza patente a pochi metri dall\u2019alloggio, barche pi\u00f9 grandi disponibili al porto, Water Sports &amp; Fun Park a pocchi passi dal porto di Lygia, altre caffetterie, fermate autobus, noleggio bici.<\/p>\n<p style=\"font-weight: 400;\">&#8211; Il complesso \u00e8 ideale per vacanze tranquille e momenti di vero relax.<\/p>\n<p style=\"font-weight: 400;\">&#8211; Gli ospiti sono tenuti a rispettare le ore di silenzio previste durante l\u2019estate, per garantire riposo a tutti.<\/p>\n<p style=\"font-weight: 400;\">&#8211; Le feste non sono consentite all\u2019interno della struttura.<\/p>\n<p><\/p>","protected":false},"excerpt":{"rendered":"<p>Cosa Vedere: &#8220;La vallata dell&#8217;amore &#8220;in localita&#8217; Paradissos, Il villaggio tradizionale di Katouna, La chiesa di Aghios Varvaros (San Barbaro) nel villaggio di Katouna, Le ex-saline &#8220;Alexandros&#8221; oggi parco marino<\/p>\n","protected":false},"author":1,"featured_media":218,"parent":0,"menu_order":0,"comment_status":"closed","ping_status":"closed","template":"","meta":{"footnotes":""},"class_list":["post-12","page","type-page","status-publish","has-post-thumbnail","hentry"],"_links":{"self":[{"href":"https:\/\/www.villaflisvos.gr\/it\/wp-json\/wp\/v2\/pages\/12","targetHints":{"allow":["GET"]}}],"collection":[{"href":"https:\/\/www.villaflisvos.gr\/it\/wp-json\/wp\/v2\/pages"}],"about":[{"href":"https:\/\/www.villaflisvos.gr\/it\/wp-json\/wp\/v2\/types\/page"}],"author":[{"embeddable":true,"href":"https:\/\/www.villaflisvos.gr\/it\/wp-json\/wp\/v2\/users\/1"}],"replies":[{"embeddable":true,"href":"https:\/\/www.villaflisvos.gr\/it\/wp-json\/wp\/v2\/comments?post=12"}],"version-history":[{"count":12,"href":"https:\/\/www.villaflisvos.gr\/it\/wp-json\/wp\/v2\/pages\/12\/revisions"}],"predecessor-version":[{"id":382,"href":"https:\/\/www.villaflisvos.gr\/it\/wp-json\/wp\/v2\/pages\/12\/revisions\/382"}],"wp:featuredmedia":[{"embeddable":true,"href":"https:\/\/www.villaflisvos.gr\/it\/wp-json\/wp\/v2\/media\/218"}],"wp:attachment":[{"href":"https:\/\/www.villaflisvos.gr\/it\/wp-json\/wp\/v2\/media?parent=12"}],"curies":[{"name":"wp","href":"https:\/\/api.w.org\/{rel}","templated":true}]}}